{"id":1231,"date":"2017-07-19T17:16:05","date_gmt":"2017-07-19T15:16:05","guid":{"rendered":"http:\/\/schacht-consulting.de\/?page_id=1231"},"modified":"2017-07-20T13:07:03","modified_gmt":"2017-07-20T11:07:03","slug":"vielen-dank","status":"publish","type":"page","link":"https:\/\/schacht-consulting.de\/de\/vielen-dank\/","title":{"rendered":"Vielen Dank"},"content":{"rendered":"<p><meta http-equiv=\"refresh\" content=\"30; URL=http:\/\/www.schacht-consulting.de\"><\/p>\n<h3>Vielen Dank f\u00fcr Ihre Informationsanfrage!<\/h3>\n<p>Um Ihre E-Mail-Adresse vor Missbrauch zu sch\u00fctzen, schicken wir Ihnen innerhalb der n\u00e4chsten Minuten eine Best\u00e4tigungs-E-Mail. Bitte sehen Sie ggf. auch in Ihrem Spam-Ordner nach, wenn diese E-Mail nicht in Ihrem Posteingang zu finden ist. Wenn Sie Ihre E-Mail-Adresse best\u00e4tigt haben, erhalten Sie sofort darauf den gew\u00fcnschten Download zugeschickt.<\/p>\n<p>\u00dcbrigens: Diese Best\u00e4tigung ist nur beim ersten Download n\u00f6tig. Vielen Dank f\u00fcr Ihr Verst\u00e4ndnis.<\/p>\n<p>Sie werden gleich weitergeleitet, sollte dies nicht funktionieren, klicken Sie bitte <a href=\"http:\/\/www.schacht-consulting.de\">hier<\/a>.<\/p>\n","protected":false},"excerpt":{"rendered":"<p>Vielen Dank f\u00fcr Ihre Informationsanfrage! Um Ihre E-Mail-Adresse vor Missbrauch  [&#8230;]<\/p>\n","protected":false},"author":3,"featured_media":0,"parent":0,"menu_order":0,"comment_status":"closed","ping_status":"closed","template":"page-full-width.php","meta":{"footnotes":""},"class_list":["post-1231","page","type-page","status-publish","hentry"],"yoast_head":"<!-- This site is optimized with the Yoast SEO plugin v27.4 - https:\/\/yoast.com\/product\/yoast-seo-wordpress\/ -->\n<title>Vielen Dank | Schacht Consulting<\/title>\n<meta name=\"robots\" content=\"index, follow, max-snippet:-1, max-image-preview:large, max-video-preview:-1\" \/>\n<link rel=\"canonical\" href=\"https:\/\/schacht-consulting.de\/de\/vielen-dank\/\" \/>\n<meta property=\"og:locale\" content=\"de_DE\" \/>\n<meta property=\"og:type\" content=\"article\" \/>\n<meta property=\"og:title\" content=\"Vielen Dank | Schacht Consulting\" \/>\n<meta property=\"og:description\" content=\"Vielen Dank f\u00fcr Ihre Informationsanfrage! Um Ihre E-Mail-Adresse vor Missbrauch [...]\" \/>\n<meta property=\"og:url\" content=\"https:\/\/schacht-consulting.de\/de\/vielen-dank\/\" \/>\n<meta property=\"og:site_name\" content=\"Schacht Consulting\" \/>\n<meta property=\"article:modified_time\" content=\"2017-07-20T11:07:03+00:00\" \/>\n<meta name=\"twitter:card\" content=\"summary_large_image\" \/>\n<meta name=\"twitter:site\" content=\"@attikusschacht\" \/>\n<script type=\"application\/ld+json\" class=\"yoast-schema-graph\">{\"@context\":\"https:\\\/\\\/schema.org\",\"@graph\":[{\"@type\":\"WebPage\",\"@id\":\"https:\\\/\\\/schacht-consulting.de\\\/de\\\/vielen-dank\\\/\",\"url\":\"https:\\\/\\\/schacht-consulting.de\\\/de\\\/vielen-dank\\\/\",\"name\":\"Vielen Dank | Schacht Consulting\",\"isPartOf\":{\"@id\":\"https:\\\/\\\/schacht-consulting.de\\\/de\\\/#website\"},\"datePublished\":\"2017-07-19T15:16:05+00:00\",\"dateModified\":\"2017-07-20T11:07:03+00:00\",\"breadcrumb\":{\"@id\":\"https:\\\/\\\/schacht-consulting.de\\\/de\\\/vielen-dank\\\/#breadcrumb\"},\"inLanguage\":\"de\",\"potentialAction\":[{\"@type\":\"ReadAction\",\"target\":[\"https:\\\/\\\/schacht-consulting.de\\\/de\\\/vielen-dank\\\/\"]}]},{\"@type\":\"BreadcrumbList\",\"@id\":\"https:\\\/\\\/schacht-consulting.de\\\/de\\\/vielen-dank\\\/#breadcrumb\",\"itemListElement\":[{\"@type\":\"ListItem\",\"position\":1,\"name\":\"Startseite\",\"item\":\"https:\\\/\\\/schacht-consulting.de\\\/de\\\/\"},{\"@type\":\"ListItem\",\"position\":2,\"name\":\"Vielen Dank\"}]},{\"@type\":\"WebSite\",\"@id\":\"https:\\\/\\\/schacht-consulting.de\\\/de\\\/#website\",\"url\":\"https:\\\/\\\/schacht-consulting.de\\\/de\\\/\",\"name\":\"Schacht Consulting\",\"description\":\"L\u00f6sungen f\u00fcr Kundenservice und Vertrieb\",\"publisher\":{\"@id\":\"https:\\\/\\\/schacht-consulting.de\\\/de\\\/#organization\"},\"potentialAction\":[{\"@type\":\"SearchAction\",\"target\":{\"@type\":\"EntryPoint\",\"urlTemplate\":\"https:\\\/\\\/schacht-consulting.de\\\/de\\\/?s={search_term_string}\"},\"query-input\":{\"@type\":\"PropertyValueSpecification\",\"valueRequired\":true,\"valueName\":\"search_term_string\"}}],\"inLanguage\":\"de\"},{\"@type\":\"Organization\",\"@id\":\"https:\\\/\\\/schacht-consulting.de\\\/de\\\/#organization\",\"name\":\"Schacht Consulting\",\"url\":\"https:\\\/\\\/schacht-consulting.de\\\/de\\\/\",\"logo\":{\"@type\":\"ImageObject\",\"inLanguage\":\"de\",\"@id\":\"https:\\\/\\\/schacht-consulting.de\\\/de\\\/#\\\/schema\\\/logo\\\/image\\\/\",\"url\":\"https:\\\/\\\/schacht-consulting.de\\\/wp-content\\\/uploads\\\/logo.png\",\"contentUrl\":\"https:\\\/\\\/schacht-consulting.de\\\/wp-content\\\/uploads\\\/logo.png\",\"width\":800,\"height\":348,\"caption\":\"Schacht Consulting\"},\"image\":{\"@id\":\"https:\\\/\\\/schacht-consulting.de\\\/de\\\/#\\\/schema\\\/logo\\\/image\\\/\"},\"sameAs\":[\"https:\\\/\\\/x.com\\\/attikusschacht\",\"https:\\\/\\\/www.linkedin.com\\\/in\\\/attikus-a-schacht-2b33963\\\/\"]}]}<\/script>\n<!-- \/ Yoast SEO plugin. -->","yoast_head_json":{"title":"Vielen Dank | Schacht Consulting","robots":{"index":"index","follow":"follow","max-snippet":"max-snippet:-1","max-image-preview":"max-image-preview:large","max-video-preview":"max-video-preview:-1"},"canonical":"https:\/\/schacht-consulting.de\/de\/vielen-dank\/","og_locale":"de_DE","og_type":"article","og_title":"Vielen Dank | Schacht Consulting","og_description":"Vielen Dank f\u00fcr Ihre Informationsanfrage! Um Ihre E-Mail-Adresse vor Missbrauch [...]","og_url":"https:\/\/schacht-consulting.de\/de\/vielen-dank\/","og_site_name":"Schacht Consulting","article_modified_time":"2017-07-20T11:07:03+00:00","twitter_card":"summary_large_image","twitter_site":"@attikusschacht","schema":{"@context":"https:\/\/schema.org","@graph":[{"@type":"WebPage","@id":"https:\/\/schacht-consulting.de\/de\/vielen-dank\/","url":"https:\/\/schacht-consulting.de\/de\/vielen-dank\/","name":"Vielen Dank | Schacht Consulting","isPartOf":{"@id":"https:\/\/schacht-consulting.de\/de\/#website"},"datePublished":"2017-07-19T15:16:05+00:00","dateModified":"2017-07-20T11:07:03+00:00","breadcrumb":{"@id":"https:\/\/schacht-consulting.de\/de\/vielen-dank\/#breadcrumb"},"inLanguage":"de","potentialAction":[{"@type":"ReadAction","target":["https:\/\/schacht-consulting.de\/de\/vielen-dank\/"]}]},{"@type":"BreadcrumbList","@id":"https:\/\/schacht-consulting.de\/de\/vielen-dank\/#breadcrumb","itemListElement":[{"@type":"ListItem","position":1,"name":"Startseite","item":"https:\/\/schacht-consulting.de\/de\/"},{"@type":"ListItem","position":2,"name":"Vielen Dank"}]},{"@type":"WebSite","@id":"https:\/\/schacht-consulting.de\/de\/#website","url":"https:\/\/schacht-consulting.de\/de\/","name":"Schacht Consulting","description":"L\u00f6sungen f\u00fcr Kundenservice und Vertrieb","publisher":{"@id":"https:\/\/schacht-consulting.de\/de\/#organization"},"potentialAction":[{"@type":"SearchAction","target":{"@type":"EntryPoint","urlTemplate":"https:\/\/schacht-consulting.de\/de\/?s={search_term_string}"},"query-input":{"@type":"PropertyValueSpecification","valueRequired":true,"valueName":"search_term_string"}}],"inLanguage":"de"},{"@type":"Organization","@id":"https:\/\/schacht-consulting.de\/de\/#organization","name":"Schacht Consulting","url":"https:\/\/schacht-consulting.de\/de\/","logo":{"@type":"ImageObject","inLanguage":"de","@id":"https:\/\/schacht-consulting.de\/de\/#\/schema\/logo\/image\/","url":"https:\/\/schacht-consulting.de\/wp-content\/uploads\/logo.png","contentUrl":"https:\/\/schacht-consulting.de\/wp-content\/uploads\/logo.png","width":800,"height":348,"caption":"Schacht Consulting"},"image":{"@id":"https:\/\/schacht-consulting.de\/de\/#\/schema\/logo\/image\/"},"sameAs":["https:\/\/x.com\/attikusschacht","https:\/\/www.linkedin.com\/in\/attikus-a-schacht-2b33963\/"]}]}},"_links":{"self":[{"href":"https:\/\/schacht-consulting.de\/de\/wp-json\/wp\/v2\/pages\/1231","targetHints":{"allow":["GET"]}}],"collection":[{"href":"https:\/\/schacht-consulting.de\/de\/wp-json\/wp\/v2\/pages"}],"about":[{"href":"https:\/\/schacht-consulting.de\/de\/wp-json\/wp\/v2\/types\/page"}],"author":[{"embeddable":true,"href":"https:\/\/schacht-consulting.de\/de\/wp-json\/wp\/v2\/users\/3"}],"replies":[{"embeddable":true,"href":"https:\/\/schacht-consulting.de\/de\/wp-json\/wp\/v2\/comments?post=1231"}],"version-history":[{"count":0,"href":"https:\/\/schacht-consulting.de\/de\/wp-json\/wp\/v2\/pages\/1231\/revisions"}],"wp:attachment":[{"href":"https:\/\/schacht-consulting.de\/de\/wp-json\/wp\/v2\/media?parent=1231"}],"curies":[{"name":"wp","href":"https:\/\/api.w.org\/{rel}","templated":true}]}}