{"id":1233,"date":"2017-07-19T17:29:17","date_gmt":"2017-07-19T15:29:17","guid":{"rendered":"http:\/\/schacht-consulting.de\/?page_id=1233"},"modified":"2021-09-02T08:08:30","modified_gmt":"2021-09-02T06:08:30","slug":"ihre-e-mail-adresse-ist-bestaetigt","status":"publish","type":"page","link":"https:\/\/schacht-consulting.de\/de\/ihre-e-mail-adresse-ist-bestaetigt\/","title":{"rendered":"Ihre E-Mail-Adresse ist best\u00e4tigt"},"content":{"rendered":"<p>&nbsp;<\/p>\n<h3>Sie haben Ihre E-Mail-Adresse erfolgreich best\u00e4tigt. Vielen Dank!<\/h3>\n<p>In den n\u00e4chsten Minuten schicken wir Ihnen Ihren Download per E-Mail zu. Viel Spa\u00df mit der Lekt\u00fcre!<\/p>\n<p>Sie werden gleich weitergeleitet, sollte dies nicht funktionieren, klicken Sie bitte <strong><a href=\"http:\/\/www.schacht-consulting.de\">hier<\/a><\/strong>.<\/p>\n","protected":false},"excerpt":{"rendered":"<p>&nbsp; Sie haben Ihre E-Mail-Adresse erfolgreich best\u00e4tigt. Vielen Dank! In  [&#8230;]<\/p>\n","protected":false},"author":3,"featured_media":0,"parent":0,"menu_order":0,"comment_status":"closed","ping_status":"closed","template":"","meta":{"footnotes":""},"class_list":["post-1233","page","type-page","status-publish","hentry"],"yoast_head":"<!-- This site is optimized with the Yoast SEO plugin v27.3 - https:\/\/yoast.com\/product\/yoast-seo-wordpress\/ -->\n<title>Ihre E-Mail-Adresse ist best\u00e4tigt | Schacht Consulting<\/title>\n<meta name=\"robots\" content=\"index, follow, max-snippet:-1, max-image-preview:large, max-video-preview:-1\" \/>\n<link rel=\"canonical\" href=\"https:\/\/schacht-consulting.de\/de\/ihre-e-mail-adresse-ist-bestaetigt\/\" \/>\n<meta property=\"og:locale\" content=\"de_DE\" \/>\n<meta property=\"og:type\" content=\"article\" \/>\n<meta property=\"og:title\" content=\"Ihre E-Mail-Adresse ist best\u00e4tigt | Schacht Consulting\" \/>\n<meta property=\"og:description\" content=\"&nbsp; Sie haben Ihre E-Mail-Adresse erfolgreich best\u00e4tigt. Vielen Dank! In [...]\" \/>\n<meta property=\"og:url\" content=\"https:\/\/schacht-consulting.de\/de\/ihre-e-mail-adresse-ist-bestaetigt\/\" \/>\n<meta property=\"og:site_name\" content=\"Schacht Consulting\" \/>\n<meta property=\"article:modified_time\" content=\"2021-09-02T06:08:30+00:00\" \/>\n<meta name=\"twitter:card\" content=\"summary_large_image\" \/>\n<meta name=\"twitter:site\" content=\"@attikusschacht\" \/>\n<script type=\"application\/ld+json\" class=\"yoast-schema-graph\">{\"@context\":\"https:\\\/\\\/schema.org\",\"@graph\":[{\"@type\":\"WebPage\",\"@id\":\"https:\\\/\\\/schacht-consulting.de\\\/de\\\/ihre-e-mail-adresse-ist-bestaetigt\\\/\",\"url\":\"https:\\\/\\\/schacht-consulting.de\\\/de\\\/ihre-e-mail-adresse-ist-bestaetigt\\\/\",\"name\":\"Ihre E-Mail-Adresse ist best\u00e4tigt | Schacht Consulting\",\"isPartOf\":{\"@id\":\"https:\\\/\\\/schacht-consulting.de\\\/de\\\/#website\"},\"datePublished\":\"2017-07-19T15:29:17+00:00\",\"dateModified\":\"2021-09-02T06:08:30+00:00\",\"breadcrumb\":{\"@id\":\"https:\\\/\\\/schacht-consulting.de\\\/de\\\/ihre-e-mail-adresse-ist-bestaetigt\\\/#breadcrumb\"},\"inLanguage\":\"de\",\"potentialAction\":[{\"@type\":\"ReadAction\",\"target\":[\"https:\\\/\\\/schacht-consulting.de\\\/de\\\/ihre-e-mail-adresse-ist-bestaetigt\\\/\"]}]},{\"@type\":\"BreadcrumbList\",\"@id\":\"https:\\\/\\\/schacht-consulting.de\\\/de\\\/ihre-e-mail-adresse-ist-bestaetigt\\\/#breadcrumb\",\"itemListElement\":[{\"@type\":\"ListItem\",\"position\":1,\"name\":\"Startseite\",\"item\":\"https:\\\/\\\/schacht-consulting.de\\\/de\\\/\"},{\"@type\":\"ListItem\",\"position\":2,\"name\":\"Ihre E-Mail-Adresse ist best\u00e4tigt\"}]},{\"@type\":\"WebSite\",\"@id\":\"https:\\\/\\\/schacht-consulting.de\\\/de\\\/#website\",\"url\":\"https:\\\/\\\/schacht-consulting.de\\\/de\\\/\",\"name\":\"Schacht Consulting\",\"description\":\"L\u00f6sungen f\u00fcr Kundenservice und Vertrieb\",\"publisher\":{\"@id\":\"https:\\\/\\\/schacht-consulting.de\\\/de\\\/#organization\"},\"potentialAction\":[{\"@type\":\"SearchAction\",\"target\":{\"@type\":\"EntryPoint\",\"urlTemplate\":\"https:\\\/\\\/schacht-consulting.de\\\/de\\\/?s={search_term_string}\"},\"query-input\":{\"@type\":\"PropertyValueSpecification\",\"valueRequired\":true,\"valueName\":\"search_term_string\"}}],\"inLanguage\":\"de\"},{\"@type\":\"Organization\",\"@id\":\"https:\\\/\\\/schacht-consulting.de\\\/de\\\/#organization\",\"name\":\"Schacht Consulting\",\"url\":\"https:\\\/\\\/schacht-consulting.de\\\/de\\\/\",\"logo\":{\"@type\":\"ImageObject\",\"inLanguage\":\"de\",\"@id\":\"https:\\\/\\\/schacht-consulting.de\\\/de\\\/#\\\/schema\\\/logo\\\/image\\\/\",\"url\":\"https:\\\/\\\/schacht-consulting.de\\\/wp-content\\\/uploads\\\/logo.png\",\"contentUrl\":\"https:\\\/\\\/schacht-consulting.de\\\/wp-content\\\/uploads\\\/logo.png\",\"width\":800,\"height\":348,\"caption\":\"Schacht Consulting\"},\"image\":{\"@id\":\"https:\\\/\\\/schacht-consulting.de\\\/de\\\/#\\\/schema\\\/logo\\\/image\\\/\"},\"sameAs\":[\"https:\\\/\\\/x.com\\\/attikusschacht\",\"https:\\\/\\\/www.linkedin.com\\\/in\\\/attikus-a-schacht-2b33963\\\/\"]}]}<\/script>\n<!-- \/ Yoast SEO plugin. -->","yoast_head_json":{"title":"Ihre E-Mail-Adresse ist best\u00e4tigt | Schacht Consulting","robots":{"index":"index","follow":"follow","max-snippet":"max-snippet:-1","max-image-preview":"max-image-preview:large","max-video-preview":"max-video-preview:-1"},"canonical":"https:\/\/schacht-consulting.de\/de\/ihre-e-mail-adresse-ist-bestaetigt\/","og_locale":"de_DE","og_type":"article","og_title":"Ihre E-Mail-Adresse ist best\u00e4tigt | Schacht Consulting","og_description":"&nbsp; Sie haben Ihre E-Mail-Adresse erfolgreich best\u00e4tigt. Vielen Dank! In [...]","og_url":"https:\/\/schacht-consulting.de\/de\/ihre-e-mail-adresse-ist-bestaetigt\/","og_site_name":"Schacht Consulting","article_modified_time":"2021-09-02T06:08:30+00:00","twitter_card":"summary_large_image","twitter_site":"@attikusschacht","schema":{"@context":"https:\/\/schema.org","@graph":[{"@type":"WebPage","@id":"https:\/\/schacht-consulting.de\/de\/ihre-e-mail-adresse-ist-bestaetigt\/","url":"https:\/\/schacht-consulting.de\/de\/ihre-e-mail-adresse-ist-bestaetigt\/","name":"Ihre E-Mail-Adresse ist best\u00e4tigt | Schacht Consulting","isPartOf":{"@id":"https:\/\/schacht-consulting.de\/de\/#website"},"datePublished":"2017-07-19T15:29:17+00:00","dateModified":"2021-09-02T06:08:30+00:00","breadcrumb":{"@id":"https:\/\/schacht-consulting.de\/de\/ihre-e-mail-adresse-ist-bestaetigt\/#breadcrumb"},"inLanguage":"de","potentialAction":[{"@type":"ReadAction","target":["https:\/\/schacht-consulting.de\/de\/ihre-e-mail-adresse-ist-bestaetigt\/"]}]},{"@type":"BreadcrumbList","@id":"https:\/\/schacht-consulting.de\/de\/ihre-e-mail-adresse-ist-bestaetigt\/#breadcrumb","itemListElement":[{"@type":"ListItem","position":1,"name":"Startseite","item":"https:\/\/schacht-consulting.de\/de\/"},{"@type":"ListItem","position":2,"name":"Ihre E-Mail-Adresse ist best\u00e4tigt"}]},{"@type":"WebSite","@id":"https:\/\/schacht-consulting.de\/de\/#website","url":"https:\/\/schacht-consulting.de\/de\/","name":"Schacht Consulting","description":"L\u00f6sungen f\u00fcr Kundenservice und Vertrieb","publisher":{"@id":"https:\/\/schacht-consulting.de\/de\/#organization"},"potentialAction":[{"@type":"SearchAction","target":{"@type":"EntryPoint","urlTemplate":"https:\/\/schacht-consulting.de\/de\/?s={search_term_string}"},"query-input":{"@type":"PropertyValueSpecification","valueRequired":true,"valueName":"search_term_string"}}],"inLanguage":"de"},{"@type":"Organization","@id":"https:\/\/schacht-consulting.de\/de\/#organization","name":"Schacht Consulting","url":"https:\/\/schacht-consulting.de\/de\/","logo":{"@type":"ImageObject","inLanguage":"de","@id":"https:\/\/schacht-consulting.de\/de\/#\/schema\/logo\/image\/","url":"https:\/\/schacht-consulting.de\/wp-content\/uploads\/logo.png","contentUrl":"https:\/\/schacht-consulting.de\/wp-content\/uploads\/logo.png","width":800,"height":348,"caption":"Schacht Consulting"},"image":{"@id":"https:\/\/schacht-consulting.de\/de\/#\/schema\/logo\/image\/"},"sameAs":["https:\/\/x.com\/attikusschacht","https:\/\/www.linkedin.com\/in\/attikus-a-schacht-2b33963\/"]}]}},"_links":{"self":[{"href":"https:\/\/schacht-consulting.de\/de\/wp-json\/wp\/v2\/pages\/1233","targetHints":{"allow":["GET"]}}],"collection":[{"href":"https:\/\/schacht-consulting.de\/de\/wp-json\/wp\/v2\/pages"}],"about":[{"href":"https:\/\/schacht-consulting.de\/de\/wp-json\/wp\/v2\/types\/page"}],"author":[{"embeddable":true,"href":"https:\/\/schacht-consulting.de\/de\/wp-json\/wp\/v2\/users\/3"}],"replies":[{"embeddable":true,"href":"https:\/\/schacht-consulting.de\/de\/wp-json\/wp\/v2\/comments?post=1233"}],"version-history":[{"count":0,"href":"https:\/\/schacht-consulting.de\/de\/wp-json\/wp\/v2\/pages\/1233\/revisions"}],"wp:attachment":[{"href":"https:\/\/schacht-consulting.de\/de\/wp-json\/wp\/v2\/media?parent=1233"}],"curies":[{"name":"wp","href":"https:\/\/api.w.org\/{rel}","templated":true}]}}