{"id":688,"date":"2017-02-19T12:10:15","date_gmt":"2017-02-19T11:10:15","guid":{"rendered":"http:\/\/schacht.revier-helden.work\/?page_id=688"},"modified":"2018-07-03T16:12:06","modified_gmt":"2018-07-03T14:12:06","slug":"news","status":"publish","type":"page","link":"https:\/\/schacht-consulting.de\/de\/news\/","title":{"rendered":"News"},"content":{"rendered":"<p>Auf dieser Seite m\u00f6chten wir Ihnen Themen zur Auswahl anbieten, die uns\u00a0in unserer Arbeit inspirieren und die wir als Grundlage unserer Arbeit sehen. Viel Spa\u00df beim St\u00f6bern.<\/p>\n<hr \/>\n<p><strong>Use-Case<\/strong><\/p>\n<p><img decoding=\"async\" class=\"alignleft size-medium wp-image-1399\" src=\"https:\/\/schacht-consulting.de\/wp-content\/uploads\/UseCase-WFM-Titel-212x300.jpg\" alt=\"\" width=\"212\" height=\"300\" srcset=\"https:\/\/schacht-consulting.de\/wp-content\/uploads\/UseCase-WFM-Titel-212x300.jpg 212w, https:\/\/schacht-consulting.de\/wp-content\/uploads\/UseCase-WFM-Titel.jpg 600w\" sizes=\"(max-width: 212px) 100vw, 212px\" \/><\/p>\n<p>&nbsp;<\/p>\n<p>&nbsp;<\/p>\n<p>&nbsp;<\/p>\n<p>&nbsp;<\/p>\n<p>&nbsp;<\/p>\n<p>&nbsp;<\/p>\n<p>&nbsp;<\/p>\n<p>&nbsp;<\/p>\n<p>&nbsp;<\/p>\n<p><strong>Einf\u00fchrung von Workforce Management: Ressourcen effizient geplant!<\/strong><\/p>\n<p><strong>\u00a0<\/strong><\/p>\n<p>Die H.B.C. Hanse Betreuungscenter GmbH betreibt an zwei Standorten ein Servicecenter und bietet dort vertriebsunterstu\u0308tzende Services fu\u0308r alle Vertriebswege der HanseMerkur Versicherung an. Der operative Betrieb dieser Service Center erfolgt mit verschieden Teams zu jeweils unterschiedlichen Fachthemen und Servicezeiten. Trotz der operativen und fachlichen Abgrenzung der Teams gibt es diverse Schnittstellen zwischen den Bereichen, wie bspw. interne \u00dcberl\u00e4ufe oder Abwesenheitsvertretungen. Zur Einhaltung der unterschiedlichen themenbezogenen Servicezeiten ist ein Schichtbetrieb unumg\u00e4nglich. Die Aufgabe war es, innerhalb von 10 Arbeitstagen eine geeignete am Markt erh\u00e4ltliche Workforce Management Standardsoftware fu\u0308r die Anforderungen der H.B.C. GmbH ausfindig zu machen. Als Ergebnis ist eine Shortlist von am besten passenden Anbietern durch die Schacht Consulting erarbeitet worden.<\/p>\n<p><a href=\"https:\/\/schacht-consulting.de\/de\/workforce-management-erfolgreich-einfuehren\/\">Lesen Sie in diesem Fallbeispiel mehr \u00fcber das Projekt &gt;&gt;<\/a><\/p>\n<hr \/>\n<p><strong>Whitepaper<\/strong><\/p>\n<p><img decoding=\"async\" class=\"alignleft size-medium wp-image-1325\" src=\"https:\/\/schacht-consulting.de\/wp-content\/uploads\/0001-212x300.jpg\" alt=\"\" width=\"212\" height=\"300\" srcset=\"https:\/\/schacht-consulting.de\/wp-content\/uploads\/0001-212x300.jpg 212w, https:\/\/schacht-consulting.de\/wp-content\/uploads\/0001-724x1024.jpg 724w, https:\/\/schacht-consulting.de\/wp-content\/uploads\/0001-768x1086.jpg 768w\" sizes=\"(max-width: 212px) 100vw, 212px\" \/><\/p>\n<p>&nbsp;<\/p>\n<p>&nbsp;<\/p>\n<p>&nbsp;<\/p>\n<p>&nbsp;<\/p>\n<p>&nbsp;<\/p>\n<p>&nbsp;<\/p>\n<p>&nbsp;<\/p>\n<p>&nbsp;<\/p>\n<p>&nbsp;<\/p>\n<p><strong>Der Kundeservice der Zukunft!<\/strong><\/p>\n<p><strong>\u00a0<\/strong><\/p>\n<p>In heutigen gewachsenen Strukturen von Contact Centern werden in der Regel Tools nur alle paar Jahre erneuert. Hierbei standen in der Vergangenheit immer wieder andere Themenbereiche im Vordergrund. Durch die Omnipr\u00e4senz von Smartphones bei Endkunden sind neben dem Telefon nun viele Kan\u00e4le jederzeit verf\u00fcgbar. Das Verhalten der Kunden \u00e4ndert sich dadurch und somit auch die Anforderungen an ein\u00a0Contact Center. Wie Contact Center sich organisatorisch und technologisch fit machen f\u00fcr die Zukunft, erkl\u00e4ren wir in einem umfangreichen Whitepaper. Es bewertet alle neuen Trends und Entwicklungen und erkl\u00e4rt, wie auch in Zukunft ein optimaler Kundenservice geboten werden kann.<\/p>\n<p><a href=\"https:\/\/schacht-consulting.de\/de\/contact-center-of-the-future\/\">Lesen Sie in diesem Whitepaper, wie Sie Ihr Contact Center fit machen &gt;&gt;<\/a><\/p>\n<hr \/>\n<p><strong>Whitepaper<\/strong><\/p>\n<p><img decoding=\"async\" class=\"alignnone size-medium wp-image-1316\" src=\"https:\/\/schacht-consulting.de\/wp-content\/uploads\/WP-QS_titel-mit-Schatten_gedreht-217x300.jpg\" alt=\"\" width=\"217\" height=\"300\" srcset=\"https:\/\/schacht-consulting.de\/wp-content\/uploads\/WP-QS_titel-mit-Schatten_gedreht-217x300.jpg 217w, https:\/\/schacht-consulting.de\/wp-content\/uploads\/WP-QS_titel-mit-Schatten_gedreht-739x1024.jpg 739w, https:\/\/schacht-consulting.de\/wp-content\/uploads\/WP-QS_titel-mit-Schatten_gedreht-768x1064.jpg 768w\" sizes=\"(max-width: 217px) 100vw, 217px\" \/><br \/>\n<strong>Ein \u00dcberblick, welche Qualit\u00e4tsparameter f\u00fcr Ihren Kundenservice entscheidend sind<\/strong><\/p>\n<p>Die Marktsituation befindet sich im st\u00e4ndigen Wandel und so ergeben sich neue Herausforderungen. Das ist auch f\u00fcr den Kundenservice relevant. Doch auf welche Parameter soll gesetzt werden, um den Kundenservice optimieren zu k\u00f6nnen?<\/p>\n<p>Daf\u00fcr hat Schacht Consulting das Whitepaper \u201eQualit\u00e4tssicherung im Inbound\u201c verfasst. Dieses wurde im Rahmen einer Projektarbeit an der Dualen Hochschule Baden-W\u00fcrttemberg in Ravensburg in Kooperation mit Schacht Consulting geschrieben, um aufzuzeigen, welchen Anforderungen sich Ihr Service Center stellen muss. Dabei wird auf die aktuelle Marktsituation eingegangen und welche Ziele sich Ihr Unternehmen setzen soll, um den perfekten Kundendienst zu garantieren.<\/p>\n<p><a href=\"https:\/\/schacht-consulting.de\/de\/qualitaetssicherung-im-inbound\/\">Lesen Sie in diesem Whitepaper, was zur Optimierung beitr\u00e4gt &gt;&gt;<\/a><\/p>\n<hr \/>\n<p><img decoding=\"async\" class=\"alignleft size-full wp-image-1292\" src=\"https:\/\/schacht-consulting.de\/wp-content\/uploads\/Bildschirmfoto-2017-11-28-um-13.57.13.png\" alt=\"\" width=\"121\" height=\"171\" srcset=\"https:\/\/schacht-consulting.de\/wp-content\/uploads\/Bildschirmfoto-2017-11-28-um-13.57.13-212x300.png 212w, https:\/\/schacht-consulting.de\/wp-content\/uploads\/Bildschirmfoto-2017-11-28-um-13.57.13.png 485w\" sizes=\"(max-width: 121px) 100vw, 121px\" \/><br \/>\n<strong>B2B E-Business Report<\/strong><\/p>\n<p>After-Sales-Service im Mittelstand: Im aktuellen B2B E-Business Report dreht sich alles um digitale After-Sales-Services. Warum? Die Digitalisierung der Gesch\u00e4ftsprozesse im Mittelstand schreitet zwar voran, ist aber keine Garantie f\u00fcr eine nachhaltige Wettbewerbsf\u00e4higkeit. Hier kommt digitaler After-Sales-Service ins Spiel. Damit ist weit mehr als eine digitale Kunden-Hotline gemeint&#8230;..<\/p>\n<p>Einen Einblick in das White Paper und den vollst\u00e4ndigen Download finden Sie unter: <a href=\"https:\/\/www.t-systems-mms.com\/expertise\/downloads\/after-sales-service?wt_mc=ebl_3:17:0010\"> Holen Sie sich das ausf\u00fchrliche White Paper mit einem Gast Kommentar der Schacht Consulting&gt;&gt;<\/a><\/p>\n<hr \/>\n<p><strong>Whitepaper<\/strong><\/p>\n<p><img decoding=\"async\" class=\"alignnone size-medium wp-image-1256\" src=\"https:\/\/schacht-consulting.de\/wp-content\/uploads\/Kennzahlen-richtig-deuten_Titel400px-1-226x300.png\" alt=\"\" width=\"226\" height=\"300\" srcset=\"https:\/\/schacht-consulting.de\/wp-content\/uploads\/Kennzahlen-richtig-deuten_Titel400px-1-226x300.png 226w, https:\/\/schacht-consulting.de\/wp-content\/uploads\/Kennzahlen-richtig-deuten_Titel400px-1.png 410w\" sizes=\"(max-width: 226px) 100vw, 226px\" \/><\/p>\n<p><strong>10 Tipps, wie Sie mit Kennzahlen einen Kundenservice richtig steuern!<\/strong><\/p>\n<p>Wer kennt das nicht: Es wird gemessen und gerechnet. Je eindrucksvoller die Kennzahl klingt, desto leichter ist der Chef zu beeindrucken. Hauptsache sch\u00f6n komplex und die Kurven zeigen einen positiven Verlauf. Management mit Kennzahlen ist aber ganz was anderes.<\/p>\n<p>Schacht Consulting bringt Ordnung ins Kennzahlen-Chaos. In diesem Whitepaper wird erkl\u00e4rt, welche Kennzahlen wirklich wichtig sind, um Kundenservice sicher zu planen. Es geht den Dingen auf den Grund und entlarvt blinde Kennzahlen-Gl\u00e4ubigkeit. Mit diesem Whitepaper lernen Sie, welche Kennzahlen \u00fcber Servicequalit\u00e4t und Erreichbarkeit Aufschluss geben, wie sie richtig gemessen werden und ganz wichtig: Wie Sie mit diesen Kennzahlen Ihren Kundenservice erfolgreich managen k\u00f6nnen. 10 Tipps, die jeder beherzigen sollte.<\/p>\n<p><a href=\"https:\/\/schacht-consulting.de\/de\/kundenservice-kennzahlen\/\">Laden Sie sich jetzt das Whitepaper von Attikus A. Schacht herunter &gt;&gt;<\/a><\/p>\n<hr \/>\n<p>[arve url=&#8220;https:\/\/youtu.be\/4ha_yQDjBBg&#8220; maxwidth=&#8220;300&#8243; \/]<\/p>\n<p>Die &#8222;Vision\u00e4re im Dialog\u201c waren auch in diesem Jahr wieder spannend und informativ. Zur Veranstaltung wurde jetzt auch ein Video fertiggestellt, das eine kleine Erinnerung an diesen inspirierenden Abend bietet.\u00a0Reservieren Sie sich schon einmal den 28.02.2018 f\u00fcr die n\u00e4chsten Vision\u00e4re im Dialog!<\/p>\n<hr \/>\n<p>Contact Center Investitionsstudie 2017 erschienen<\/p>\n<p><em>Der Mensch steht im Contact Center auch weiter im Mittelpunkt<\/em><\/p>\n<p>Der Contact Center Network e.V. pr\u00e4sentiert die Ergebnisse der wohl bedeutendsten Studie zu den Investitionsabsichten, Trends und Herausforderungen im Contact Center f\u00fcr das Jahr 2017. Bereits zum achten Mal wurde die Erhebung durchgef\u00fchrt.<\/p>\n<p>CCN Investitionsstudie 2017 steht jetzt zum <a href=\"http:\/\/contact-center-portal.de\/ccnstudie2016\" target=\"_blank\" rel=\"noopener noreferrer\">Download<\/a>\u00a0f\u00fcr Interessierte bereit.<\/p>\n<hr \/>\n<p>[arve url=&#8220;https:\/\/youtu.be\/yNgmGFEg11M&#8220; maxwidth=&#8220;300&#8243; \/]<\/p>\n<p>Gedanken zur \u00fcberfl\u00fcssigen Kommunikation im Kundendialog &#8211; Vortrag von Attikus A. Schacht in Jahr 2016.<\/p>\n<hr \/>\n<p>Kurzweilig und spannend &#8211; <a href=\"http:\/\/www.ccn-stories.de\/\" target=\"_blank\" rel=\"noopener noreferrer\">Geschichten aus dem Kundenalltag!<\/a><\/p>\n<hr \/>\n<p><a href=\"http:\/\/www.wiwo.de\/erfolg\/zukunftderarbeit\/blick-ins-jahr-2030-arbeiten-mit-sinn-aber-ohne-zwang\/11253960.html\" target=\"_blank\" rel=\"noopener noreferrer\">Blick ins Jahr 2030<\/a><strong><em>\u00a0&#8211;\u00a0<\/em><\/strong>Arbeiten mit Sinn, aber ohne Zwang (aus WiWo 21.05.2015)<\/p>\n<hr \/>\n<p><img decoding=\"async\" class=\"alignnone size-medium wp-image-1085\" src=\"https:\/\/schacht-consulting.de\/wp-content\/uploads\/Bildschirmfoto-2017-05-18-um-12.06.59-205x300.png\" alt=\"\" width=\"205\" height=\"300\" srcset=\"https:\/\/schacht-consulting.de\/wp-content\/uploads\/Bildschirmfoto-2017-05-18-um-12.06.59-205x300.png 205w, https:\/\/schacht-consulting.de\/wp-content\/uploads\/Bildschirmfoto-2017-05-18-um-12.06.59.png 426w\" sizes=\"(max-width: 205px) 100vw, 205px\" \/><\/p>\n<p>Das Cyber-Unternehmen\u00a0&#8211;\u00a0Total digital vernetzt (James Martin 1997) hat uns inspiriert virtuelle Unternehmen und deren St\u00e4rken und Herausforderungen zu betrachten. Sie sind unserer Meinung nach die Grundlage einer sich st\u00e4ndig \u00e4ndernden Welt mit sich \u00e4ndernden Herausforderungen und einem st\u00e4ndigen Lernen.<\/p>\n<hr \/>\n<p><a href=\"http:\/\/de.wikipedia.org\/wiki\/Virtuelle_Organisation\" target=\"_blank\" rel=\"noopener noreferrer\">Virtuelle Organisation<\/a>\u00a0&#8211;\u00a0Wikipedia<\/p>\n<hr \/>\n<p><a href=\"http:\/\/www.onpulson.de\/lexikon\/virtuelles-unternehmen\/\" target=\"_blank\" rel=\"noopener noreferrer\">Virtuelles Unternehmen<\/a>\u00a0&#8211;\u00a0onpulson Wissen f\u00fcr Unternehmer und Manager<\/p>\n<hr \/>\n<p>Zu den klassischen Beratungsthemen in der Contact\u00a0Center Branche geh\u00f6ren Organisation, Personal,\u00a0IT, Controlling und vor allem Qualit\u00e4tsmanagement. Wie hoch ist eigentlich der Bedarf an Beratung im Contact Center Umfeld? Lesen Sie hierzu die <a href=\"http:\/\/www.contact-center-portal.de\/aktuell\/studie-2016-beratung\" target=\"_blank\" rel=\"noopener noreferrer\">Ergebnisse einer Studie<\/a>.<\/p>\n<hr \/>\n<p><a href=\"http:\/\/www.gruenderszene.de\/allgemein\/recruiting-digitalisierung-teil1\" target=\"_blank\" rel=\"noopener noreferrer\">Recruiting der Zukunft<\/a>\u00a0&#8211;\u00a0Wie wir 2020 die besten Mitarbeiter gewinnen werden \u2013 Teil 1 (Gr\u00fcnderSzene 30.04.2015)<\/p>\n<hr \/>\n<p><a href=\"http:\/\/www.ravensburg.dhbw.de\/de\/studienangebot\/bachelor-studiengaenge\/bwl-handel-vertriebsmanagement.html#tab-1633-5\" target=\"_blank\" rel=\"noopener noreferrer\">DHBW-Ravensburg<\/a>\u00a0&#8211;\u00a0Studiengang BWL &#8211; Handel \/ Vertriebsmanagement<\/p>\n<hr \/>\n<p><a href=\"http:\/\/www.visionaere-im-dialog.de\/\" target=\"_blank\" rel=\"noopener noreferrer\">Vision\u00e4re im Dialog<\/a>\u00a0&#8211;\u00a0Eine Veranstaltung des Kompetenz Centers\u00a0Customer Services im Deutschen Dialogmarketing Verband<\/p>\n","protected":false},"excerpt":{"rendered":"<p>Auf dieser Seite m\u00f6chten wir Ihnen Themen zur Auswahl anbieten,  [&#8230;]<\/p>\n","protected":false},"author":3,"featured_media":900,"parent":0,"menu_order":0,"comment_status":"closed","ping_status":"closed","template":"","meta":{"footnotes":""},"class_list":["post-688","page","type-page","status-publish","has-post-thumbnail","hentry"],"yoast_head":"<!-- This site is optimized with the Yoast SEO plugin v27.3 - https:\/\/yoast.com\/product\/yoast-seo-wordpress\/ -->\n<title>News | Schacht Consulting<\/title>\n<meta name=\"robots\" content=\"index, follow, max-snippet:-1, max-image-preview:large, max-video-preview:-1\" \/>\n<link rel=\"canonical\" href=\"https:\/\/schacht-consulting.de\/de\/news\/\" \/>\n<meta property=\"og:locale\" content=\"de_DE\" \/>\n<meta property=\"og:type\" content=\"article\" \/>\n<meta property=\"og:title\" content=\"News | Schacht Consulting\" \/>\n<meta property=\"og:description\" content=\"Auf dieser Seite m\u00f6chten wir Ihnen Themen zur Auswahl anbieten, [...]\" \/>\n<meta property=\"og:url\" content=\"https:\/\/schacht-consulting.de\/de\/news\/\" \/>\n<meta property=\"og:site_name\" content=\"Schacht Consulting\" \/>\n<meta property=\"article:modified_time\" content=\"2018-07-03T14:12:06+00:00\" \/>\n<meta property=\"og:image\" content=\"https:\/\/schacht-consulting.de\/wp-content\/uploads\/header-news-1.jpg\" \/>\n\t<meta property=\"og:image:width\" content=\"1920\" \/>\n\t<meta property=\"og:image:height\" content=\"600\" \/>\n\t<meta property=\"og:image:type\" content=\"image\/jpeg\" \/>\n<meta name=\"twitter:card\" content=\"summary_large_image\" \/>\n<meta name=\"twitter:site\" content=\"@attikusschacht\" \/>\n<meta name=\"twitter:label1\" content=\"Gesch\u00e4tzte Lesezeit\" \/>\n\t<meta name=\"twitter:data1\" content=\"5\u00a0Minuten\" \/>\n<script type=\"application\/ld+json\" class=\"yoast-schema-graph\">{\"@context\":\"https:\\\/\\\/schema.org\",\"@graph\":[{\"@type\":\"WebPage\",\"@id\":\"https:\\\/\\\/schacht-consulting.de\\\/de\\\/news\\\/\",\"url\":\"https:\\\/\\\/schacht-consulting.de\\\/de\\\/news\\\/\",\"name\":\"News | Schacht Consulting\",\"isPartOf\":{\"@id\":\"https:\\\/\\\/schacht-consulting.de\\\/de\\\/#website\"},\"primaryImageOfPage\":{\"@id\":\"https:\\\/\\\/schacht-consulting.de\\\/de\\\/news\\\/#primaryimage\"},\"image\":{\"@id\":\"https:\\\/\\\/schacht-consulting.de\\\/de\\\/news\\\/#primaryimage\"},\"thumbnailUrl\":\"https:\\\/\\\/schacht-consulting.de\\\/wp-content\\\/uploads\\\/header-news-1.jpg\",\"datePublished\":\"2017-02-19T11:10:15+00:00\",\"dateModified\":\"2018-07-03T14:12:06+00:00\",\"breadcrumb\":{\"@id\":\"https:\\\/\\\/schacht-consulting.de\\\/de\\\/news\\\/#breadcrumb\"},\"inLanguage\":\"de\",\"potentialAction\":[{\"@type\":\"ReadAction\",\"target\":[\"https:\\\/\\\/schacht-consulting.de\\\/de\\\/news\\\/\"]}]},{\"@type\":\"ImageObject\",\"inLanguage\":\"de\",\"@id\":\"https:\\\/\\\/schacht-consulting.de\\\/de\\\/news\\\/#primaryimage\",\"url\":\"https:\\\/\\\/schacht-consulting.de\\\/wp-content\\\/uploads\\\/header-news-1.jpg\",\"contentUrl\":\"https:\\\/\\\/schacht-consulting.de\\\/wp-content\\\/uploads\\\/header-news-1.jpg\",\"width\":1920,\"height\":600},{\"@type\":\"BreadcrumbList\",\"@id\":\"https:\\\/\\\/schacht-consulting.de\\\/de\\\/news\\\/#breadcrumb\",\"itemListElement\":[{\"@type\":\"ListItem\",\"position\":1,\"name\":\"Startseite\",\"item\":\"https:\\\/\\\/schacht-consulting.de\\\/de\\\/\"},{\"@type\":\"ListItem\",\"position\":2,\"name\":\"News\"}]},{\"@type\":\"WebSite\",\"@id\":\"https:\\\/\\\/schacht-consulting.de\\\/de\\\/#website\",\"url\":\"https:\\\/\\\/schacht-consulting.de\\\/de\\\/\",\"name\":\"Schacht Consulting\",\"description\":\"L\u00f6sungen f\u00fcr Kundenservice und Vertrieb\",\"publisher\":{\"@id\":\"https:\\\/\\\/schacht-consulting.de\\\/de\\\/#organization\"},\"potentialAction\":[{\"@type\":\"SearchAction\",\"target\":{\"@type\":\"EntryPoint\",\"urlTemplate\":\"https:\\\/\\\/schacht-consulting.de\\\/de\\\/?s={search_term_string}\"},\"query-input\":{\"@type\":\"PropertyValueSpecification\",\"valueRequired\":true,\"valueName\":\"search_term_string\"}}],\"inLanguage\":\"de\"},{\"@type\":\"Organization\",\"@id\":\"https:\\\/\\\/schacht-consulting.de\\\/de\\\/#organization\",\"name\":\"Schacht Consulting\",\"url\":\"https:\\\/\\\/schacht-consulting.de\\\/de\\\/\",\"logo\":{\"@type\":\"ImageObject\",\"inLanguage\":\"de\",\"@id\":\"https:\\\/\\\/schacht-consulting.de\\\/de\\\/#\\\/schema\\\/logo\\\/image\\\/\",\"url\":\"https:\\\/\\\/schacht-consulting.de\\\/wp-content\\\/uploads\\\/logo.png\",\"contentUrl\":\"https:\\\/\\\/schacht-consulting.de\\\/wp-content\\\/uploads\\\/logo.png\",\"width\":800,\"height\":348,\"caption\":\"Schacht Consulting\"},\"image\":{\"@id\":\"https:\\\/\\\/schacht-consulting.de\\\/de\\\/#\\\/schema\\\/logo\\\/image\\\/\"},\"sameAs\":[\"https:\\\/\\\/x.com\\\/attikusschacht\",\"https:\\\/\\\/www.linkedin.com\\\/in\\\/attikus-a-schacht-2b33963\\\/\"]}]}<\/script>\n<!-- \/ Yoast SEO plugin. -->","yoast_head_json":{"title":"News | Schacht Consulting","robots":{"index":"index","follow":"follow","max-snippet":"max-snippet:-1","max-image-preview":"max-image-preview:large","max-video-preview":"max-video-preview:-1"},"canonical":"https:\/\/schacht-consulting.de\/de\/news\/","og_locale":"de_DE","og_type":"article","og_title":"News | Schacht Consulting","og_description":"Auf dieser Seite m\u00f6chten wir Ihnen Themen zur Auswahl anbieten, [...]","og_url":"https:\/\/schacht-consulting.de\/de\/news\/","og_site_name":"Schacht Consulting","article_modified_time":"2018-07-03T14:12:06+00:00","og_image":[{"width":1920,"height":600,"url":"https:\/\/schacht-consulting.de\/wp-content\/uploads\/header-news-1.jpg","type":"image\/jpeg"}],"twitter_card":"summary_large_image","twitter_site":"@attikusschacht","twitter_misc":{"Gesch\u00e4tzte Lesezeit":"5\u00a0Minuten"},"schema":{"@context":"https:\/\/schema.org","@graph":[{"@type":"WebPage","@id":"https:\/\/schacht-consulting.de\/de\/news\/","url":"https:\/\/schacht-consulting.de\/de\/news\/","name":"News | Schacht Consulting","isPartOf":{"@id":"https:\/\/schacht-consulting.de\/de\/#website"},"primaryImageOfPage":{"@id":"https:\/\/schacht-consulting.de\/de\/news\/#primaryimage"},"image":{"@id":"https:\/\/schacht-consulting.de\/de\/news\/#primaryimage"},"thumbnailUrl":"https:\/\/schacht-consulting.de\/wp-content\/uploads\/header-news-1.jpg","datePublished":"2017-02-19T11:10:15+00:00","dateModified":"2018-07-03T14:12:06+00:00","breadcrumb":{"@id":"https:\/\/schacht-consulting.de\/de\/news\/#breadcrumb"},"inLanguage":"de","potentialAction":[{"@type":"ReadAction","target":["https:\/\/schacht-consulting.de\/de\/news\/"]}]},{"@type":"ImageObject","inLanguage":"de","@id":"https:\/\/schacht-consulting.de\/de\/news\/#primaryimage","url":"https:\/\/schacht-consulting.de\/wp-content\/uploads\/header-news-1.jpg","contentUrl":"https:\/\/schacht-consulting.de\/wp-content\/uploads\/header-news-1.jpg","width":1920,"height":600},{"@type":"BreadcrumbList","@id":"https:\/\/schacht-consulting.de\/de\/news\/#breadcrumb","itemListElement":[{"@type":"ListItem","position":1,"name":"Startseite","item":"https:\/\/schacht-consulting.de\/de\/"},{"@type":"ListItem","position":2,"name":"News"}]},{"@type":"WebSite","@id":"https:\/\/schacht-consulting.de\/de\/#website","url":"https:\/\/schacht-consulting.de\/de\/","name":"Schacht Consulting","description":"L\u00f6sungen f\u00fcr Kundenservice und Vertrieb","publisher":{"@id":"https:\/\/schacht-consulting.de\/de\/#organization"},"potentialAction":[{"@type":"SearchAction","target":{"@type":"EntryPoint","urlTemplate":"https:\/\/schacht-consulting.de\/de\/?s={search_term_string}"},"query-input":{"@type":"PropertyValueSpecification","valueRequired":true,"valueName":"search_term_string"}}],"inLanguage":"de"},{"@type":"Organization","@id":"https:\/\/schacht-consulting.de\/de\/#organization","name":"Schacht Consulting","url":"https:\/\/schacht-consulting.de\/de\/","logo":{"@type":"ImageObject","inLanguage":"de","@id":"https:\/\/schacht-consulting.de\/de\/#\/schema\/logo\/image\/","url":"https:\/\/schacht-consulting.de\/wp-content\/uploads\/logo.png","contentUrl":"https:\/\/schacht-consulting.de\/wp-content\/uploads\/logo.png","width":800,"height":348,"caption":"Schacht Consulting"},"image":{"@id":"https:\/\/schacht-consulting.de\/de\/#\/schema\/logo\/image\/"},"sameAs":["https:\/\/x.com\/attikusschacht","https:\/\/www.linkedin.com\/in\/attikus-a-schacht-2b33963\/"]}]}},"_links":{"self":[{"href":"https:\/\/schacht-consulting.de\/de\/wp-json\/wp\/v2\/pages\/688","targetHints":{"allow":["GET"]}}],"collection":[{"href":"https:\/\/schacht-consulting.de\/de\/wp-json\/wp\/v2\/pages"}],"about":[{"href":"https:\/\/schacht-consulting.de\/de\/wp-json\/wp\/v2\/types\/page"}],"author":[{"embeddable":true,"href":"https:\/\/schacht-consulting.de\/de\/wp-json\/wp\/v2\/users\/3"}],"replies":[{"embeddable":true,"href":"https:\/\/schacht-consulting.de\/de\/wp-json\/wp\/v2\/comments?post=688"}],"version-history":[{"count":0,"href":"https:\/\/schacht-consulting.de\/de\/wp-json\/wp\/v2\/pages\/688\/revisions"}],"wp:featuredmedia":[{"embeddable":true,"href":"https:\/\/schacht-consulting.de\/de\/wp-json\/wp\/v2\/media\/900"}],"wp:attachment":[{"href":"https:\/\/schacht-consulting.de\/de\/wp-json\/wp\/v2\/media?parent=688"}],"curies":[{"name":"wp","href":"https:\/\/api.w.org\/{rel}","templated":true}]}}